{"id":163,"date":"2025-11-06T05:29:56","date_gmt":"2025-11-06T05:29:56","guid":{"rendered":"https:\/\/schunkpince.hu\/?page_id=163"},"modified":"2025-12-09T08:18:27","modified_gmt":"2025-12-09T08:18:27","slug":"foglalas-es-ajanlatkeres","status":"publish","type":"page","link":"https:\/\/schunkpince.hu\/index.php\/foglalas-es-ajanlatkeres\/","title":{"rendered":"Foglal\u00e1s \u00e9s aj\u00e1nlatk\u00e9r\u00e9s"},"content":{"rendered":"","protected":false},"excerpt":{"rendered":"","protected":false},"author":1,"featured_media":0,"parent":0,"menu_order":0,"comment_status":"closed","ping_status":"closed","template":"","meta":{"footnotes":""},"class_list":["post-163","page","type-page","status-publish","hentry"],"_links":{"self":[{"href":"https:\/\/schunkpince.hu\/index.php\/wp-json\/wp\/v2\/pages\/163","targetHints":{"allow":["GET"]}}],"collection":[{"href":"https:\/\/schunkpince.hu\/index.php\/wp-json\/wp\/v2\/pages"}],"about":[{"href":"https:\/\/schunkpince.hu\/index.php\/wp-json\/wp\/v2\/types\/page"}],"author":[{"embeddable":true,"href":"https:\/\/schunkpince.hu\/index.php\/wp-json\/wp\/v2\/users\/1"}],"replies":[{"embeddable":true,"href":"https:\/\/schunkpince.hu\/index.php\/wp-json\/wp\/v2\/comments?post=163"}],"version-history":[{"count":1,"href":"https:\/\/schunkpince.hu\/index.php\/wp-json\/wp\/v2\/pages\/163\/revisions"}],"predecessor-version":[{"id":167,"href":"https:\/\/schunkpince.hu\/index.php\/wp-json\/wp\/v2\/pages\/163\/revisions\/167"}],"wp:attachment":[{"href":"https:\/\/schunkpince.hu\/index.php\/wp-json\/wp\/v2\/media?parent=163"}],"curies":[{"name":"wp","href":"https:\/\/api.w.org\/{rel}","templated":true}]}}