{"id":6,"date":"2019-01-09T09:38:22","date_gmt":"2019-01-09T09:38:22","guid":{"rendered":"http:\/\/localhost\/test\/?page_id=6"},"modified":"2026-04-11T14:32:07","modified_gmt":"2026-04-11T14:32:07","slug":"home","status":"publish","type":"page","link":"https:\/\/schunkpince.hu\/","title":{"rendered":"Home"},"content":{"rendered":"<div class=\"wpb-content-wrapper\"><p>[vc_row el_id=&#8221;1539168501266-69e6876e-5b66&#8243;][vc_column css=&#8221;.vc_custom_1539168522787{margin-top: 0px !important;padding-top: 0px !important;}&#8221; el_id=&#8221;1765264413763-e8fac734-ac70&#8243;][\/vc_column][\/vc_row][vc_row full_width=&#8221;stretch_row&#8221; content_placement=&#8221;middle&#8221; pgscore_enable_responsive_settings=&#8221;true&#8221; el_id=&#8221;1539149329683-e284ecc6-7882&#8243; css=&#8221;.vc_custom_1771030032890{padding-top: 90px !important;padding-bottom: 90px !important;}&#8221; element_css_md=&#8221;.vc_custom_1771030032890{padding-top: 60px !important;padding-bottom: 30px !important;}&#8221; element_css_sm=&#8221;.vc_custom_1771030032891{padding-top: 0px !important;padding-bottom: 20px !important;}&#8221;][vc_column pgscore_enable_responsive_settings=&#8221;true&#8221; offset=&#8221;vc_col-lg-7 vc_col-md-7&#8243; css=&#8221;.vc_custom_1545891256358{margin-top: 60px !important;margin-bottom: 30px !important;padding-top: 0px !important;}&#8221; element_css_sm=&#8221;.vc_custom_1545891256369{margin-top: 40px !important;}&#8221; el_id=&#8221;1765264413793-ca2cc5ce-5474&#8243;][vc_column_text css=&#8221;&#8221;]<\/p>\n<h2>Min\u0151s\u00e9gi borok, gondosan termesztve<\/h2>\n<p>[\/vc_column_text][vc_column_text css=&#8221;.vc_custom_1765264913862{padding-right: 60px !important;}&#8221;]<\/p>\n<h5>A Schunk Pince egy csal\u00e1di bor\u00e1szat, amely a Pannon Borr\u00e9gi\u00f3ban, a P\u00e9csi Borvid\u00e9ken, azon bel\u00fcl<br \/>\npedig Hossz\u00fahet\u00e9nyben helyezkedik el. \u00dcltetv\u00e9nyeink a Zeng\u0151 d\u00e9li lank\u00e1in tal\u00e1lhat\u00f3ak.<\/h5>\n<p>[\/vc_column_text][\/vc_column][vc_column pgscore_enable_responsive_settings=&#8221;true&#8221; offset=&#8221;vc_col-lg-5 vc_col-md-5&#8243; css=&#8221;.vc_custom_1545891263098{margin-bottom: 30px !important;margin-left: -50px !important;}&#8221; element_css_xs=&#8221;.vc_custom_1545891263104{margin-left: 0px !important;}&#8221; el_id=&#8221;1765264413838-56245a49-98b8&#8243;][vc_single_image image=&#8221;265&#8243; img_size=&#8221;full&#8221; alignment=&#8221;center&#8221; style=&#8221;vc_box_rounded&#8221; css=&#8221;&#8221;][\/vc_column][\/vc_row][vc_row full_width=&#8221;stretch_row&#8221; el_id=&#8221;1539159938451-57919699-42fc&#8221;][vc_column css=&#8221;.vc_custom_1539160085950{margin-top: 0px !important;padding-top: 0px !important;}&#8221; el_id=&#8221;1765264413873-5d9fb59a-1fa7&#8243;][rev_slider_vc alias=&#8221;wine-product-slider&#8221;][\/vc_column][\/vc_row][vc_row full_width=&#8221;stretch_row&#8221; pgscore_enable_responsive_settings=&#8221;true&#8221; el_id=&#8221;1539152707792-c0863138-7345&#8243; css=&#8221;.vc_custom_1545824618420{padding-top: 90px !important;padding-bottom: 90px !important;}&#8221; element_css_md=&#8221;.vc_custom_1545824618424{padding-top: 60px !important;padding-bottom: 60px !important;}&#8221; element_css_sm=&#8221;.vc_custom_1545824618429{padding-top: 40px !important;padding-bottom: 40px !important;}&#8221;][vc_column css=&#8221;.vc_custom_1540615899982{padding-top: 0px !important;}&#8221; el_id=&#8221;1765264414036-3a62452a-dfe9&#8243;][vc_custom_heading text=&#8221;Legkelend\u0151bb boraink&#8221; font_container=&#8221;tag:h3|text_align:center|color:%23ffffff&#8221; use_theme_fonts=&#8221;yes&#8221; css=&#8221;&#8221;]\t<div  class=\"pgscore_products_listing_wrapper pgscore_products_listing-1\"><!-- shortcode-base-wrapper -->\n\t\t<div class=\"products-listing-wrapper products-listing-type-carousel products-listing-without-intro\" data-intro=\"no\">\n\t<div class=\"products-listing-inner\">\n\t\t<div class=\"row\">\n\t\t\t\t\t\t<div class=\"col-xs-12 col-sm-12 col-md-12\">\n\t\t\t\t<div class=\"products-listing-main\">\n\t\t\t\t\t<div class=\"products-listing-main-inner\">\n\t\t\t\t\t\t<div class=\"products-listing-header\">\n\t<div class=\"products-listing-inner\">\n\t\t\t<\/div>\n<\/div>\n\t\t\t\t\t\t<div class=\"products-listing-content\">\n\t\t\t\t\t\t\t<div class=\"products-listing-content-inner\">\n\t\t\t\t\t\t\t\t<div class=\"products-listing-items-wrapper woocommerce products-listing-carousel\">\n\t\n\t\t<div class=\"woocommerce-notices-wrapper\"><\/div>\n\t\t\t\t<ul class=\"products products-loop row grid owl-carousel owl-theme owl-carousel-options mobile-portrait-1\" data-owl_options=\"{&quot;items&quot;:3,&quot;responsive&quot;:{&quot;0&quot;:{&quot;items&quot;:&quot;1&quot;},&quot;480&quot;:{&quot;items&quot;:&quot;1&quot;},&quot;768&quot;:{&quot;items&quot;:&quot;2&quot;},&quot;992&quot;:{&quot;items&quot;:&quot;3&quot;},&quot;1200&quot;:{&quot;items&quot;:&quot;4&quot;}},&quot;margin&quot;:20,&quot;dots&quot;:false,&quot;nav&quot;:true,&quot;loop&quot;:true,&quot;autoplay&quot;:false,&quot;autoplayHoverPause&quot;:true,&quot;autoplayTimeout&quot;:3100,&quot;smartSpeed&quot;:1000,&quot;navText&quot;:[&quot;&lt;i class=\\&quot;fas fa-angle-left fa-2x\\&quot;&gt;&lt;\\\/i&gt;&quot;,&quot;&lt;i class=\\&quot;fas fa-angle-right fa-2x\\&quot;&gt;&lt;\\\/i&gt;&quot;],&quot;lazyLoad&quot;:true}\">\n\n\t\t\t\n\t\t\t\t\n\t\t\t\t<li class=\"product-hover-style-image-bottom-2 product-hover-button-shape-square product-hover-button-style-dark product_title_type-single_line product_icon_type-fill-icon product type-product post-321 status-publish first instock product_cat-uncategorized shipping-taxable purchasable product-type-simple\">\n\t\t<div class=\"product-inner\">\n\t\t<div class=\"product-thumbnail\">\n\t\t<div class=\"product-thumbnail-inner\">\n\t\t<a href=\"https:\/\/schunkpince.hu\/index.php\/product\/cellars-best-syrah\/\" rel=\"bookmark\">\n\t\t\t<div class=\"product-thumbnail-main\">\n\t\t\t<img loading=\"lazy\" decoding=\"async\" width=\"300\" height=\"300\" src=\"https:\/\/schunkpince.hu\/wp-content\/uploads\/woocommerce-placeholder-300x300.webp\" class=\"woocommerce-placeholder wp-post-image\" alt=\"Helytart\u00f3\" srcset=\"https:\/\/schunkpince.hu\/wp-content\/uploads\/woocommerce-placeholder-300x300.webp 300w, https:\/\/schunkpince.hu\/wp-content\/uploads\/woocommerce-placeholder-100x100.webp 100w, https:\/\/schunkpince.hu\/wp-content\/uploads\/woocommerce-placeholder-600x600.webp 600w, https:\/\/schunkpince.hu\/wp-content\/uploads\/woocommerce-placeholder-1024x1024.webp 1024w, https:\/\/schunkpince.hu\/wp-content\/uploads\/woocommerce-placeholder-150x150.webp 150w, https:\/\/schunkpince.hu\/wp-content\/uploads\/woocommerce-placeholder-768x768.webp 768w, https:\/\/schunkpince.hu\/wp-content\/uploads\/woocommerce-placeholder-80x80.webp 80w, https:\/\/schunkpince.hu\/wp-content\/uploads\/woocommerce-placeholder.webp 1200w\" sizes=\"auto, (max-width: 300px) 100vw, 300px\" \/>\t\t<\/div>\n\t\t\t\t<\/a>\n\t<\/div><!-- .product-thumbnail-inner -->\n\t\t<div class=\"product-actions\">\n\t\t<div class=\"product-actions-inner\">\n\t\t\t\t<\/div>\n\t<\/div>\n\t\t<\/div><!-- .product-thumbnail -->\n\t\t<div class=\"product-info\">\n\t\t\t<span class=\"ciyashop-product-category\">\n\t\t\t<a href=\"https:\/\/schunkpince.hu\/index.php\/product-category\/uncategorized\/\">\n\t\t\t\tUncategorized\t\t\t<\/a>\n\t\t<\/span><!-- .product-category-name-->\n\t\t\t<\/div><!-- .product-info -->\n\t\t<\/div><!-- .product-inner -->\n\t<\/li>\n\n\t\t\t\n\t\t\t\t\n\t\t\t\t<li class=\"product-hover-style-image-bottom-2 product-hover-button-shape-square product-hover-button-style-dark product_title_type-single_line product_icon_type-fill-icon product type-product post-320 status-publish instock product_cat-uncategorized shipping-taxable purchasable product-type-simple\">\n\t\t<div class=\"product-inner\">\n\t\t<div class=\"product-thumbnail\">\n\t\t<div class=\"product-thumbnail-inner\">\n\t\t<a href=\"https:\/\/schunkpince.hu\/index.php\/product\/cabernet-sauvignon-amphorus\/\" rel=\"bookmark\">\n\t\t\t<div class=\"product-thumbnail-main\">\n\t\t\t<img loading=\"lazy\" decoding=\"async\" width=\"300\" height=\"300\" src=\"https:\/\/schunkpince.hu\/wp-content\/uploads\/woocommerce-placeholder-300x300.webp\" class=\"woocommerce-placeholder wp-post-image\" alt=\"Helytart\u00f3\" srcset=\"https:\/\/schunkpince.hu\/wp-content\/uploads\/woocommerce-placeholder-300x300.webp 300w, https:\/\/schunkpince.hu\/wp-content\/uploads\/woocommerce-placeholder-100x100.webp 100w, https:\/\/schunkpince.hu\/wp-content\/uploads\/woocommerce-placeholder-600x600.webp 600w, https:\/\/schunkpince.hu\/wp-content\/uploads\/woocommerce-placeholder-1024x1024.webp 1024w, https:\/\/schunkpince.hu\/wp-content\/uploads\/woocommerce-placeholder-150x150.webp 150w, https:\/\/schunkpince.hu\/wp-content\/uploads\/woocommerce-placeholder-768x768.webp 768w, https:\/\/schunkpince.hu\/wp-content\/uploads\/woocommerce-placeholder-80x80.webp 80w, https:\/\/schunkpince.hu\/wp-content\/uploads\/woocommerce-placeholder.webp 1200w\" sizes=\"auto, (max-width: 300px) 100vw, 300px\" \/>\t\t<\/div>\n\t\t\t\t<\/a>\n\t<\/div><!-- .product-thumbnail-inner -->\n\t\t<div class=\"product-actions\">\n\t\t<div class=\"product-actions-inner\">\n\t\t\t\t<\/div>\n\t<\/div>\n\t\t<\/div><!-- .product-thumbnail -->\n\t\t<div class=\"product-info\">\n\t\t\t<span class=\"ciyashop-product-category\">\n\t\t\t<a href=\"https:\/\/schunkpince.hu\/index.php\/product-category\/uncategorized\/\">\n\t\t\t\tUncategorized\t\t\t<\/a>\n\t\t<\/span><!-- .product-category-name-->\n\t\t\t<\/div><!-- .product-info -->\n\t\t<\/div><!-- .product-inner -->\n\t<\/li>\n\n\t\t\t\n\t\t\t\t\n\t\t\t\t<li class=\"product-hover-style-image-bottom-2 product-hover-button-shape-square product-hover-button-style-dark product_title_type-single_line product_icon_type-fill-icon product type-product post-319 status-publish last instock product_cat-uncategorized has-post-thumbnail shipping-taxable purchasable product-type-simple\">\n\t\t<div class=\"product-inner\">\n\t\t<div class=\"product-thumbnail\">\n\t\t<div class=\"product-thumbnail-inner\">\n\t\t<a href=\"https:\/\/schunkpince.hu\/index.php\/product\/merlot-2023\/\" rel=\"bookmark\">\n\t\t\t<div class=\"product-thumbnail-main\">\n\t\t\t<img loading=\"lazy\" decoding=\"async\" width=\"300\" height=\"300\" src=\"https:\/\/schunkpince.hu\/wp-content\/uploads\/2026\/02\/6-300x300.png\" class=\"attachment-woocommerce_thumbnail size-woocommerce_thumbnail\" alt=\"Merlot (2023)\" srcset=\"https:\/\/schunkpince.hu\/wp-content\/uploads\/2026\/02\/6-300x300.png 300w, https:\/\/schunkpince.hu\/wp-content\/uploads\/2026\/02\/6-150x150.png 150w, https:\/\/schunkpince.hu\/wp-content\/uploads\/2026\/02\/6-80x80.png 80w, https:\/\/schunkpince.hu\/wp-content\/uploads\/2026\/02\/6-100x100.png 100w\" sizes=\"auto, (max-width: 300px) 100vw, 300px\" \/>\t\t<\/div>\n\t\t\t\t<\/a>\n\t<\/div><!-- .product-thumbnail-inner -->\n\t\t<div class=\"product-actions\">\n\t\t<div class=\"product-actions-inner\">\n\t\t\t\t<\/div>\n\t<\/div>\n\t\t<\/div><!-- .product-thumbnail -->\n\t\t<div class=\"product-info\">\n\t\t\t<span class=\"ciyashop-product-category\">\n\t\t\t<a href=\"https:\/\/schunkpince.hu\/index.php\/product-category\/uncategorized\/\">\n\t\t\t\tUncategorized\t\t\t<\/a>\n\t\t<\/span><!-- .product-category-name-->\n\t\t\t<\/div><!-- .product-info -->\n\t\t<\/div><!-- .product-inner -->\n\t<\/li>\n\n\t\t\t\n\t\t\t\t\n\t\t\t\t<li class=\"product-hover-style-image-bottom-2 product-hover-button-shape-square product-hover-button-style-dark product_title_type-single_line product_icon_type-fill-icon product type-product post-318 status-publish first instock product_cat-uncategorized has-post-thumbnail shipping-taxable purchasable product-type-simple\">\n\t\t<div class=\"product-inner\">\n\t\t<div class=\"product-thumbnail\">\n\t\t<div class=\"product-thumbnail-inner\">\n\t\t<a href=\"https:\/\/schunkpince.hu\/index.php\/product\/merlot-2022\/\" rel=\"bookmark\">\n\t\t\t<div class=\"product-thumbnail-main\">\n\t\t\t<img loading=\"lazy\" decoding=\"async\" width=\"300\" height=\"300\" src=\"https:\/\/schunkpince.hu\/wp-content\/uploads\/2026\/02\/10-300x300.png\" class=\"attachment-woocommerce_thumbnail size-woocommerce_thumbnail\" alt=\"Merlot (2022)\" srcset=\"https:\/\/schunkpince.hu\/wp-content\/uploads\/2026\/02\/10-300x300.png 300w, https:\/\/schunkpince.hu\/wp-content\/uploads\/2026\/02\/10-150x150.png 150w, https:\/\/schunkpince.hu\/wp-content\/uploads\/2026\/02\/10-80x80.png 80w, https:\/\/schunkpince.hu\/wp-content\/uploads\/2026\/02\/10-100x100.png 100w\" sizes=\"auto, (max-width: 300px) 100vw, 300px\" \/>\t\t<\/div>\n\t\t\t\t<\/a>\n\t<\/div><!-- .product-thumbnail-inner -->\n\t\t<div class=\"product-actions\">\n\t\t<div class=\"product-actions-inner\">\n\t\t\t\t<\/div>\n\t<\/div>\n\t\t<\/div><!-- .product-thumbnail -->\n\t\t<div class=\"product-info\">\n\t\t\t<span class=\"ciyashop-product-category\">\n\t\t\t<a href=\"https:\/\/schunkpince.hu\/index.php\/product-category\/uncategorized\/\">\n\t\t\t\tUncategorized\t\t\t<\/a>\n\t\t<\/span><!-- .product-category-name-->\n\t\t\t<\/div><!-- .product-info -->\n\t\t<\/div><!-- .product-inner -->\n\t<\/li>\n\n\t\t\t\n\t\t\t\t\n\t\t\t\t<li class=\"product-hover-style-image-bottom-2 product-hover-button-shape-square product-hover-button-style-dark product_title_type-single_line product_icon_type-fill-icon product type-product post-317 status-publish instock product_cat-uncategorized shipping-taxable purchasable product-type-simple\">\n\t\t<div class=\"product-inner\">\n\t\t<div class=\"product-thumbnail\">\n\t\t<div class=\"product-thumbnail-inner\">\n\t\t<a href=\"https:\/\/schunkpince.hu\/index.php\/product\/cabernet-sauvignon\/\" rel=\"bookmark\">\n\t\t\t<div class=\"product-thumbnail-main\">\n\t\t\t<img loading=\"lazy\" decoding=\"async\" width=\"300\" height=\"300\" src=\"https:\/\/schunkpince.hu\/wp-content\/uploads\/woocommerce-placeholder-300x300.webp\" class=\"woocommerce-placeholder wp-post-image\" alt=\"Helytart\u00f3\" srcset=\"https:\/\/schunkpince.hu\/wp-content\/uploads\/woocommerce-placeholder-300x300.webp 300w, https:\/\/schunkpince.hu\/wp-content\/uploads\/woocommerce-placeholder-100x100.webp 100w, https:\/\/schunkpince.hu\/wp-content\/uploads\/woocommerce-placeholder-600x600.webp 600w, https:\/\/schunkpince.hu\/wp-content\/uploads\/woocommerce-placeholder-1024x1024.webp 1024w, https:\/\/schunkpince.hu\/wp-content\/uploads\/woocommerce-placeholder-150x150.webp 150w, https:\/\/schunkpince.hu\/wp-content\/uploads\/woocommerce-placeholder-768x768.webp 768w, https:\/\/schunkpince.hu\/wp-content\/uploads\/woocommerce-placeholder-80x80.webp 80w, https:\/\/schunkpince.hu\/wp-content\/uploads\/woocommerce-placeholder.webp 1200w\" sizes=\"auto, (max-width: 300px) 100vw, 300px\" \/>\t\t<\/div>\n\t\t\t\t<\/a>\n\t<\/div><!-- .product-thumbnail-inner -->\n\t\t<div class=\"product-actions\">\n\t\t<div class=\"product-actions-inner\">\n\t\t\t\t<\/div>\n\t<\/div>\n\t\t<\/div><!-- .product-thumbnail -->\n\t\t<div class=\"product-info\">\n\t\t\t<span class=\"ciyashop-product-category\">\n\t\t\t<a href=\"https:\/\/schunkpince.hu\/index.php\/product-category\/uncategorized\/\">\n\t\t\t\tUncategorized\t\t\t<\/a>\n\t\t<\/span><!-- .product-category-name-->\n\t\t\t<\/div><!-- .product-info -->\n\t\t<\/div><!-- .product-inner -->\n\t<\/li>\n\n\t\t\t\t\t\t\n\t\t\t\n\t\t<\/ul>\n\n\t\t\n\t<\/div>\n\t\t\t\t\t\t\t<\/div>\n\t\t\t\t\t\t<\/div>\n\t\t\t\t\t<\/div>\n\t\t\t\t<\/div>\n\t\t\t<\/div>\n\t\t<\/div>\n\t<\/div>\n<\/div>\n\t<\/div><!-- shortcode-base-wrapper-end -->\n\t[\/vc_column][\/vc_row][vc_row full_width=&#8221;stretch_row&#8221; pgscore_enable_responsive_settings=&#8221;true&#8221; el_id=&#8221;1539154795696-151f8300-2600&#8243; css=&#8221;.vc_custom_1545893076307{padding-top: 60px !important;padding-bottom: 90px !important;}&#8221; element_css_md=&#8221;.vc_custom_1545893076311{padding-top: 30px !important;padding-bottom: 60px !important;}&#8221; element_css_sm=&#8221;.vc_custom_1545893076315{padding-top: 20px !important;padding-bottom: 50px !important;}&#8221; element_css_xs=&#8221;.vc_custom_1545893076319{padding-top: 10px !important;padding-bottom: 40px !important;}&#8221;][vc_column offset=&#8221;vc_col-lg-offset-2 vc_col-lg-8 vc_col-md-offset-2 vc_col-md-8&#8243; css=&#8221;.vc_custom_1540618637698{padding-top: 0px !important;}&#8221; el_id=&#8221;1765264414253-7e251cc1-3719&#8243;][vc_custom_heading text=&#8221;Mit mondanak r\u00f3lunk \u00fcgyfeleink?&#8221; font_container=&#8221;tag:h3|text_align:center|color:%23ffffff&#8221; use_theme_fonts=&#8221;yes&#8221; css=&#8221;&#8221;]\t<div  class=\"pgscore_testimonials_wrapper pgscore_testimonials-1\"><!-- shortcode-base-wrapper -->\n\t\t<div class=\"testimonial testimonial-style-2\">\n\t<div class=\"testimonials owl-carousel owl-theme owl-carousel-options\" data-owl_options=\"{&quot;items&quot;:1,&quot;loop&quot;:false,&quot;margin&quot;:30,&quot;autoplay&quot;:true,&quot;autoplayTimeout&quot;:2500,&quot;autoplayHoverPause&quot;:true,&quot;dots&quot;:false,&quot;nav&quot;:true,&quot;smartSpeed&quot;:1000,&quot;navText&quot;:[&quot;&lt;i class=\\&quot;fas fa-angle-left fa-2x\\&quot;&gt;&lt;\\\/i&gt;&quot;,&quot;&lt;i class=\\&quot;fas fa-angle-right fa-2x\\&quot;&gt;&lt;\\\/i&gt;&quot;],&quot;responsive&quot;:{&quot;0&quot;:{&quot;items&quot;:1},&quot;480&quot;:{&quot;items&quot;:1},&quot;768&quot;:{&quot;items&quot;:1},&quot;992&quot;:{&quot;items&quot;:1},&quot;1200&quot;:{&quot;items&quot;:1}},&quot;navContainer&quot;:&quot;#testimonials-arrow-1&quot;,&quot;lazyLoad&quot;:false}\">\n\t\t\t\t<div class=\"item\">\n\t\t\t\t<div class=\"client-image\">\n\t\t\t\t\t\t\t\t\t\t<div>\n\t\t\t\t\t\t<div class=\"author-photo\">\n\t\t\t\t\t\t\t<img decoding=\"async\" class=\"img-responsive\" src=\"https:\/\/schunkpince.hu\/wp-content\/themes\/ciyashop\/images\/placeholder\/testimonials\/150x150.png\" alt=\"Sara Lisbona\" \/>\t\t\t\t\t\t<\/div>\n\t\t\t\t\t<\/div>\n\t\t\t\t<\/div>\n\t\t\t\t<div class=\"client-info\">\n\t\t\t\t\t\t\t\t\t\t\t<h5 class=\"author-name\">- Sara Lisbona<\/h5>\n\t\t\t\t\t\t\t\t\t\t\t\t<span>CEO<\/span>\n\t\t\t\t\t\t\t\t\t\t<\/div>\n\t\t\t\tExcellent Customer support! These guys reply within minutes sometimes and really help you with when you need them. The theme itself is very extended as well. Happy with my purchase!\t\t\t<\/div>\n\t\t\t\t\t\t<div class=\"item\">\n\t\t\t\t<div class=\"client-image\">\n\t\t\t\t\t\t\t\t\t\t<div>\n\t\t\t\t\t\t<div class=\"author-photo\">\n\t\t\t\t\t\t\t<img decoding=\"async\" class=\"img-responsive\" src=\"https:\/\/schunkpince.hu\/wp-content\/themes\/ciyashop\/images\/placeholder\/testimonials\/150x150.png\" alt=\"Paul Flavius\" \/>\t\t\t\t\t\t<\/div>\n\t\t\t\t\t<\/div>\n\t\t\t\t<\/div>\n\t\t\t\t<div class=\"client-info\">\n\t\t\t\t\t\t\t\t\t\t\t<h5 class=\"author-name\">- Paul Flavius<\/h5>\n\t\t\t\t\t\t\t\t\t\t\t\t<span>Marketing<\/span>\n\t\t\t\t\t\t\t\t\t\t<\/div>\n\t\t\t\tI had a few things I needed help with on this theme... Their customer service was amazing and helped me out many times. One of the complete themes with different requirements.\t\t\t<\/div>\n\t\t\t\t\t\t<div class=\"item\">\n\t\t\t\t<div class=\"client-image\">\n\t\t\t\t\t\t\t\t\t\t<div>\n\t\t\t\t\t\t<div class=\"author-photo\">\n\t\t\t\t\t\t\t<img decoding=\"async\" class=\"img-responsive\" src=\"https:\/\/schunkpince.hu\/wp-content\/themes\/ciyashop\/images\/placeholder\/testimonials\/150x150.png\" alt=\"Felica Queen\" \/>\t\t\t\t\t\t<\/div>\n\t\t\t\t\t<\/div>\n\t\t\t\t<\/div>\n\t\t\t\t<div class=\"client-info\">\n\t\t\t\t\t\t\t\t\t\t\t<h5 class=\"author-name\">- Felica Queen<\/h5>\n\t\t\t\t\t\t\t\t\t\t\t\t<span>CEO<\/span>\n\t\t\t\t\t\t\t\t\t\t<\/div>\n\t\t\t\tThe resulting page looks very well. It was very easy to change colors and fill with my info. Since is well based in Bootstrap 4 it is very easy to make changes and still don't lose the style\t\t\t<\/div>\n\t\t\t\t\t\t<div class=\"item\">\n\t\t\t\t<div class=\"client-image\">\n\t\t\t\t\t\t\t\t\t\t<div>\n\t\t\t\t\t\t<div class=\"author-photo\">\n\t\t\t\t\t\t\t<img decoding=\"async\" class=\"img-responsive\" src=\"https:\/\/schunkpince.hu\/wp-content\/themes\/ciyashop\/images\/placeholder\/testimonials\/150x150.png\" alt=\"John Doe\" \/>\t\t\t\t\t\t<\/div>\n\t\t\t\t\t<\/div>\n\t\t\t\t<\/div>\n\t\t\t\t<div class=\"client-info\">\n\t\t\t\t\t\t\t\t\t\t\t<h5 class=\"author-name\">- John Doe<\/h5>\n\t\t\t\t\t\t\t\t\t\t\t\t<span>Support<\/span>\n\t\t\t\t\t\t\t\t\t\t<\/div>\n\t\t\t\tOne of the most complete themes here. Thanks a lot for such great features, pages, shortcodes and home variations. And the best of all, great introductions prices.\t\t\t<\/div>\n\t\t\t<\/div>\n<\/div>\n\t<\/div><!-- shortcode-base-wrapper-end -->\n\t[\/vc_column][\/vc_row][vc_row full_width=&#8221;stretch_row&#8221; pgscore_enable_responsive_settings=&#8221;true&#8221; el_id=&#8221;1539156854332-6e04ab8f-bef1&#8243; css=&#8221;.vc_custom_1545824660105{padding-top: 90px !important;padding-bottom: 90px !important;}&#8221; element_css_md=&#8221;.vc_custom_1545824660108{padding-top: 60px !important;padding-bottom: 60px !important;}&#8221; element_css_sm=&#8221;.vc_custom_1545824660110{padding-top: 40px !important;padding-bottom: 40px !important;}&#8221;][vc_column css=&#8221;.vc_custom_1540618786758{padding-top: 0px !important;}&#8221; el_id=&#8221;1765264414433-295b7d89-e7e2&#8243;][vc_custom_heading text=&#8221;\u00dajdons\u00e1gok&#8221; font_container=&#8221;tag:h3|text_align:center|color:%23ffffff&#8221; use_theme_fonts=&#8221;yes&#8221; css=&#8221;&#8221;][vc_column_text css=&#8221;&#8221;]<\/p>\n<p style=\"text-align: center;\">\u00daj borok, d\u00edjak, esem\u00e9nyek \u00e9s kulisszatitkok \u2014 minden, ami a pinc\u00e9szet\u00fcnk k\u00f6r\u00fcl t\u00f6rt\u00e9nik. A r\u00e9szletek<br \/>\nhamarosan \u00e9rkeznek![\/vc_column_text][\/vc_column][\/vc_row][vc_row el_id=&#8221;1769606989897-0949f6dc-dd92&#8243;][vc_column width=&#8221;1\/6&#8243; el_id=&#8221;1769606989897-68dbd29a-573b&#8221;][\/vc_column][vc_column width=&#8221;2\/3&#8243; el_id=&#8221;1769607052344-f1bbc71c-e70a&#8221;][vc_custom_heading text=&#8221;Gal\u00e9ria&#8221; font_container=&#8221;tag:h3|text_align:center|color:%23ffffff&#8221; use_theme_fonts=&#8221;yes&#8221; css=&#8221;.vc_custom_1769607155929{margin-bottom: 40px !important;}&#8221;][vc_gallery type=&#8221;flexslider_slide&#8221; interval=&#8221;5&#8243; images=&#8221;262,260,227,202&#8243; img_size=&#8221;full&#8221; css=&#8221;&#8221;][\/vc_column][vc_column width=&#8221;1\/6&#8243; el_id=&#8221;1769607052344-66ce9d8f-5a6b&#8221;][\/vc_column][\/vc_row]<\/p>\n<\/div>","protected":false},"excerpt":{"rendered":"<p>[vc_row el_id=&#8221;1539168501266-69e6876e-5b66&#8243;][vc_column css=&#8221;.vc_custom_1539168522787{margin-top: 0px !important;padding-top: 0px !important;}&#8221; el_id=&#8221;1765264413763-e8fac734-ac70&#8243;][\/vc_column][\/vc_row][vc_row full_width=&#8221;stretch_row&#8221; content_placement=&#8221;middle&#8221; pgscore_enable_responsive_settings=&#8221;true&#8221; el_id=&#8221;1539149329683-e284ecc6-7882&#8243; css=&#8221;.vc_custom_1771030032890{padding-top: 90px !important;padding-bottom: 90px !important;}&#8221; element_css_md=&#8221;.vc_custom_1771030032890{padding-top: 60px !important;padding-bottom: 30px !important;}&#8221; element_css_sm=&#8221;.vc_custom_1771030032891{padding-top: 0px !important;padding-bottom: 20px !important;}&#8221;][vc_column pgscore_enable_responsive_settings=&#8221;true&#8221; offset=&#8221;vc_col-lg-7 vc_col-md-7&#8243; css=&#8221;.vc_custom_1545891256358{margin-top: 60px !important;margin-bottom: 30px !important;padding-top: 0px !important;}&#8221; element_css_sm=&#8221;.vc_custom_1545891256369{margin-top: 40px !important;}&#8221; el_id=&#8221;1765264413793-ca2cc5ce-5474&#8243;][vc_column_text css=&#8221;&#8221;] Min\u0151s\u00e9gi borok, gondosan termesztve [\/vc_column_text][vc_column_text css=&#8221;.vc_custom_1765264913862{padding-right: 60px !important;}&#8221;] A Schunk Pince egy csal\u00e1di [&hellip;]<\/p>\n","protected":false},"author":1,"featured_media":0,"parent":0,"menu_order":0,"comment_status":"closed","ping_status":"closed","template":"templates\/full-width.php","meta":{"footnotes":""},"class_list":["post-6","page","type-page","status-publish","hentry","product-hover-style-image-bottom-2","product-hover-button-shape-square","product-hover-button-style-dark","product_title_type-single_line","product_icon_type-fill-icon"],"_links":{"self":[{"href":"https:\/\/schunkpince.hu\/index.php\/wp-json\/wp\/v2\/pages\/6","targetHints":{"allow":["GET"]}}],"collection":[{"href":"https:\/\/schunkpince.hu\/index.php\/wp-json\/wp\/v2\/pages"}],"about":[{"href":"https:\/\/schunkpince.hu\/index.php\/wp-json\/wp\/v2\/types\/page"}],"author":[{"embeddable":true,"href":"https:\/\/schunkpince.hu\/index.php\/wp-json\/wp\/v2\/users\/1"}],"replies":[{"embeddable":true,"href":"https:\/\/schunkpince.hu\/index.php\/wp-json\/wp\/v2\/comments?post=6"}],"version-history":[{"count":14,"href":"https:\/\/schunkpince.hu\/index.php\/wp-json\/wp\/v2\/pages\/6\/revisions"}],"predecessor-version":[{"id":382,"href":"https:\/\/schunkpince.hu\/index.php\/wp-json\/wp\/v2\/pages\/6\/revisions\/382"}],"wp:attachment":[{"href":"https:\/\/schunkpince.hu\/index.php\/wp-json\/wp\/v2\/media?parent=6"}],"curies":[{"name":"wp","href":"https:\/\/api.w.org\/{rel}","templated":true}]}}