{"id":75,"date":"2019-01-10T04:43:14","date_gmt":"2019-01-10T04:43:14","guid":{"rendered":"http:\/\/localhost\/test\/?page_id=75"},"modified":"2026-01-31T19:25:03","modified_gmt":"2026-01-31T19:25:03","slug":"kapcsolat","status":"publish","type":"page","link":"https:\/\/schunkpince.hu\/index.php\/kapcsolat\/","title":{"rendered":"Kapcsolat"},"content":{"rendered":"<div class=\"wpb-content-wrapper\"><p>[vc_row full_width=&#8221;stretch_row&#8221; equal_height=&#8221;yes&#8221; content_placement=&#8221;middle&#8221; pgscore_bg_type=&#8221;row-background-dark&#8221; pgscore_enable_responsive_settings=&#8221;true&#8221; first_background_color=&#8221;#000000&#8243; el_id=&#8221;1524654007107-ef565066-1fc4&#8243; css=&#8221;.vc_custom_1545825036714{padding-top: 120px !important;padding-bottom: 80px !important;}&#8221; element_css_md=&#8221;.vc_custom_1545825036717{padding-top: 80px !important;padding-bottom: 40px !important;}&#8221; element_css_sm=&#8221;.vc_custom_1545825036719{padding-top: 60px !important;padding-bottom: 20px !important;}&#8221; element_css_xs=&#8221;.vc_custom_1545825036721{padding-top: 40px !important;padding-bottom: 0px !important;}&#8221;][vc_column css=&#8221;.vc_custom_1525068737865{margin-bottom: 40px !important;padding-top: 0px !important;}&#8221; offset=&#8221;vc_col-lg-6 vc_col-md-5&#8243; el_id=&#8221;1762408893608-c1bc3f31-e2b0&#8243;][vc_row_inner el_id=&#8221;1762408893635-0e97472e-f66f&#8221;][vc_column_inner el_id=&#8221;1762408893637-5ba83e28-67bc&#8221;]\t<div  class=\"pgscore_info_box_2_wrapper vc_custom_1765261503869\"><!-- shortcode-base-wrapper -->\n\t\t<div class=\"pgscore_info_box_2 pgscore_info_box_2-layout-style_2 pgscore_info_box_2-content_alignment-left pgscore_info_box_2-with-icon pgscore_info_box_2-icon-source-font pgscore_info_box_2-icon-style-default pgscore_info_box_2-icon-size-sm pgscore_info_box_2-icon_position-left\">\n\t<div class=\"pgscore_info_box_2-inner clearfix\">\n\t\t\t<div class=\"pgscore_info_box_2-icon\">\n\t\t\t<div class=\"pgscore_info_box_2-icon-wrap\">\n\t\t\t\t<div class=\"pgscore_info_box_2-icon-outer\">\n\t<div class=\"pgscore_info_box_2-icon-inner\" style=\"\">\n\t\t<i class=\"fa fa-solid fa-phone-volume\" style=\"color:#ffffff\"><\/i>\t<\/div>\n<\/div>\n\t\t\t<\/div>\n\t\t<\/div>\n\t\t\t<div class=\"pgscore_info_box_2-content\">\n\t\t<div class=\"pgscore_info_box_2-content-wrap\">\n\t\t\t<div class=\"pgscore_info_box_2-content-inner\">\n\t\t\t\t\t\t<h4 class=\"pgscore_info_box_2-title inline_hover\" style=\"color:#ffffff;\">\n\t\t\tTelefon\t\t<\/h4>\n\t\t\t<div style=\"color:#ffffff\" class=\"pgscore_info_box_2-content\">\n\t\t<p>+36 30 829 8019<br \/>\n+36 30 946 8920<\/p>\n\t<\/div>\n\t\t\t\t<\/div>\n\t\t<\/div>\n\t<\/div>\n<\/div>\n<\/div>\n\t<\/div>\n\t\t<div  class=\"pgscore_info_box_2_wrapper vc_custom_1762409099090\"><!-- shortcode-base-wrapper -->\n\t\t<div class=\"pgscore_info_box_2 pgscore_info_box_2-layout-style_2 pgscore_info_box_2-content_alignment-left pgscore_info_box_2-with-icon pgscore_info_box_2-icon-source-font pgscore_info_box_2-icon-style-default pgscore_info_box_2-icon-size-sm pgscore_info_box_2-icon_position-left\">\n\t<div class=\"pgscore_info_box_2-inner clearfix\">\n\t\t\t<div class=\"pgscore_info_box_2-icon\">\n\t\t\t<div class=\"pgscore_info_box_2-icon-wrap\">\n\t\t\t\t<div class=\"pgscore_info_box_2-icon-outer\">\n\t<div class=\"pgscore_info_box_2-icon-inner\" style=\"\">\n\t\t<i class=\"fa fa-map-marker\" style=\"color:#ffffff\"><\/i>\t<\/div>\n<\/div>\n\t\t\t<\/div>\n\t\t<\/div>\n\t\t\t<div class=\"pgscore_info_box_2-content\">\n\t\t<div class=\"pgscore_info_box_2-content-wrap\">\n\t\t\t<div class=\"pgscore_info_box_2-content-inner\">\n\t\t\t\t\t\t<h4 class=\"pgscore_info_box_2-title inline_hover\" style=\"color:#ffffff;\">\n\t\t\tC\u00edm\t\t<\/h4>\n\t\t\t<div style=\"color:#ffffff\" class=\"pgscore_info_box_2-content\">\n\t\t<p>Hossz\u00fahet\u00e9ny, Morolo u. 52, 7694<\/p>\n\t<\/div>\n\t\t\t\t<\/div>\n\t\t<\/div>\n\t<\/div>\n<\/div>\n<\/div>\n\t<\/div>\n\t\t<div  class=\"pgscore_info_box_2_wrapper vc_custom_1762409064362\"><!-- shortcode-base-wrapper -->\n\t\t<div class=\"pgscore_info_box_2 pgscore_info_box_2-layout-style_2 pgscore_info_box_2-content_alignment-left pgscore_info_box_2-with-icon pgscore_info_box_2-icon-source-font pgscore_info_box_2-icon-style-default pgscore_info_box_2-icon-size-sm pgscore_info_box_2-icon_position-left\">\n\t<div class=\"pgscore_info_box_2-inner clearfix\">\n\t\t\t<div class=\"pgscore_info_box_2-icon\">\n\t\t\t<div class=\"pgscore_info_box_2-icon-wrap\">\n\t\t\t\t<div class=\"pgscore_info_box_2-icon-outer\">\n\t<div class=\"pgscore_info_box_2-icon-inner\" style=\"\">\n\t\t<i class=\"fa fa-envelope\" style=\"color:#ffffff\"><\/i>\t<\/div>\n<\/div>\n\t\t\t<\/div>\n\t\t<\/div>\n\t\t\t<div class=\"pgscore_info_box_2-content\">\n\t\t<div class=\"pgscore_info_box_2-content-wrap\">\n\t\t\t<div class=\"pgscore_info_box_2-content-inner\">\n\t\t\t\t\t\t<h4 class=\"pgscore_info_box_2-title inline_hover\" style=\"color:#ffffff;\">\n\t\t\tEmail\t\t<\/h4>\n\t\t\t<div style=\"color:#ffffff\" class=\"pgscore_info_box_2-content\">\n\t\t<p>schunkpince@gmail.com<\/p>\n<p>hello@schunkpince.com<\/p>\n\t<\/div>\n\t\t\t\t<\/div>\n\t\t<\/div>\n\t<\/div>\n<\/div>\n<\/div>\n\t<\/div>\n\t\t<div  class=\"pgscore_info_box_2_wrapper vc_custom_1762409175340\"><!-- shortcode-base-wrapper -->\n\t\t<div class=\"pgscore_info_box_2 pgscore_info_box_2-layout-style_2 pgscore_info_box_2-content_alignment-left pgscore_info_box_2-with-icon pgscore_info_box_2-icon-source-font pgscore_info_box_2-icon-style-default pgscore_info_box_2-icon-size-sm pgscore_info_box_2-icon_position-left\">\n\t<div class=\"pgscore_info_box_2-inner clearfix\">\n\t\t\t<div class=\"pgscore_info_box_2-icon\">\n\t\t\t<div class=\"pgscore_info_box_2-icon-wrap\">\n\t\t\t\t<div class=\"pgscore_info_box_2-icon-outer\">\n\t<div class=\"pgscore_info_box_2-icon-inner\" style=\"\">\n\t\t<i class=\"fa fa-hourglass-start\" style=\"color:#ffffff\"><\/i>\t<\/div>\n<\/div>\n\t\t\t<\/div>\n\t\t<\/div>\n\t\t\t<div class=\"pgscore_info_box_2-content\">\n\t\t<div class=\"pgscore_info_box_2-content-wrap\">\n\t\t\t<div class=\"pgscore_info_box_2-content-inner\">\n\t\t\t\t\t\t<h4 class=\"pgscore_info_box_2-title inline_hover\" style=\"color:#ffffff;\">\n\t\t\tNyitvatart\u00e1s\t\t<\/h4>\n\t\t\t<div style=\"color:#ffffff\" class=\"pgscore_info_box_2-content\">\n\t\t<p>Kedd: 17:00 - 19:00<br \/>\nP\u00e9ntek: 17:00 - 19:00<\/p>\n\t<\/div>\n\t\t\t\t<\/div>\n\t\t<\/div>\n\t<\/div>\n<\/div>\n<\/div>\n\t<\/div>\n\t[\/vc_column_inner][\/vc_row_inner][\/vc_column][vc_column css=&#8221;.vc_custom_1525068742968{margin-bottom: 40px !important;padding-top: 0px !important;}&#8221; offset=&#8221;vc_col-lg-6 vc_col-md-7&#8243; el_id=&#8221;1762408893679-006dc07b-3909&#8243;][vc_custom_heading text=&#8221;\u00cdrj nek\u00fcnk&#8221; font_container=&#8221;tag:h3|text_align:left&#8221; use_theme_fonts=&#8221;yes&#8221; css=&#8221;.vc_custom_1762407058720{margin-bottom: 0px !important;}&#8221;][vc_column_text css=&#8221;&#8221;]Ha k\u00e9rd\u00e9sed lenne a bor\u00e1szatr\u00f3l, a borokr\u00f3l, esetleg bort v\u00e1s\u00e1roln\u00e1l vagy bork\u00f3stol\u00f3 id\u0151pontot foglaln\u00e1l \u00edrj nek\u00fcnk bizalommal vagy h\u00edvj valamelyik telefonsz\u00e1munkon![\/vc_column_text]\n<div class=\"wpcf7 no-js\" id=\"wpcf7-f125-o1\" lang=\"en-US\" dir=\"ltr\" data-wpcf7-id=\"125\">\n<div class=\"screen-reader-response\"><p role=\"status\" aria-live=\"polite\" aria-atomic=\"true\"><\/p> <ul><\/ul><\/div>\n<form action=\"\/index.php\/wp-json\/wp\/v2\/pages\/75#wpcf7-f125-o1\" method=\"post\" class=\"wpcf7-form init\" aria-label=\"Contact form\" novalidate=\"novalidate\" data-status=\"init\">\n<fieldset class=\"hidden-fields-container\"><input type=\"hidden\" name=\"_wpcf7\" value=\"125\" \/><input type=\"hidden\" name=\"_wpcf7_version\" value=\"6.1.5\" \/><input type=\"hidden\" name=\"_wpcf7_locale\" value=\"en_US\" \/><input type=\"hidden\" name=\"_wpcf7_unit_tag\" value=\"wpcf7-f125-o1\" \/><input type=\"hidden\" name=\"_wpcf7_container_post\" value=\"0\" \/><input type=\"hidden\" name=\"_wpcf7_posted_data_hash\" value=\"\" \/>\n<\/fieldset>\n<div class=\"form-7 contact-form\">\n\t<div class=\"row\">\n\t\t<div class=\"col-sm-6\">\n\t\t\t<div class=\"form-group\">\n\t\t\t\t<p><span class=\"wpcf7-form-control-wrap\" data-name=\"your-name\"><input size=\"40\" maxlength=\"400\" class=\"wpcf7-form-control wpcf7-text wpcf7-validates-as-required\" aria-required=\"true\" aria-invalid=\"false\" placeholder=\"Teljes n\u00e9v\" value=\"\" type=\"text\" name=\"your-name\" \/><\/span>\n\t\t\t\t<\/p>\n\t\t\t<\/div>\n\t\t<\/div>\n\t\t<div class=\"col-sm-6\">\n\t\t\t<div class=\"form-group\">\n\t\t\t\t<p><span class=\"wpcf7-form-control-wrap\" data-name=\"phone-number\"><input size=\"40\" maxlength=\"400\" class=\"wpcf7-form-control wpcf7-text wpcf7-validates-as-required\" aria-required=\"true\" aria-invalid=\"false\" placeholder=\"Telefonsz\u00e1m\" value=\"\" type=\"text\" name=\"phone-number\" \/><\/span>\n\t\t\t\t<\/p>\n\t\t\t<\/div>\n\t\t<\/div>\n\t\t<div class=\"col-md-12\">\n\t\t\t<div class=\"form-group\">\n\t\t\t\t<p><span class=\"wpcf7-form-control-wrap\" data-name=\"your-email\"><input size=\"40\" maxlength=\"400\" class=\"wpcf7-form-control wpcf7-email wpcf7-validates-as-required wpcf7-text wpcf7-validates-as-email\" aria-required=\"true\" aria-invalid=\"false\" placeholder=\"Email\" value=\"\" type=\"email\" name=\"your-email\" \/><\/span>\n\t\t\t\t<\/p>\n\t\t\t<\/div>\n\t\t<\/div>\n\t\t<div class=\"col-md-12\">\n\t\t\t<div class=\"form-group\">\n\t\t\t\t<p><span class=\"wpcf7-form-control-wrap\" data-name=\"your-message\"><textarea cols=\"10\" rows=\"4\" maxlength=\"2000\" class=\"wpcf7-form-control wpcf7-textarea\" aria-invalid=\"false\" placeholder=\"\u00dczenet\" name=\"your-message\"><\/textarea><\/span>\n\t\t\t\t<\/p>\n\t\t\t<\/div>\n\t\t<\/div>\n\t\t<div class=\"col-md\">\n\t\t<div class=\"wpcf7-turnstile cf-turnstile\" data-sitekey=\"0x4AAAAAACFjAMtVJRhIla9W\" data-response-field-name=\"_wpcf7_turnstile_response\"><\/div>\n\t\t<\/div>\n\t\t<div class=\"col-md\">\n\t\t\t<div class=\"btn-group\">\n\t\t\t\t<p><input class=\"wpcf7-form-control wpcf7-submit has-spinner\" type=\"submit\" value=\"K\u00fcld\u00e9s\" \/>\n\t\t\t\t<\/p>\n\t\t\t<\/div>\n\t\t<\/div>\n\t<\/div>\n<\/div><div class=\"wpcf7-response-output\" aria-hidden=\"true\"><\/div>\n<\/form>\n<\/div>\n[\/vc_column][\/vc_row][vc_row full_width=&#8221;stretch_row_content_no_spaces&#8221; el_id=&#8221;1531820987712-9c69504a-4986&#8243;][vc_column css=&#8221;.vc_custom_1539230251810{margin-top: 0px !important;margin-bottom: 0px !important;padding-top: 0px !important;padding-bottom: 0px !important;}&#8221; el_id=&#8221;1762408893723-86a29b5b-7bb6&#8243;][vc_gmaps link=&#8221;#E-8_JTNDaWZyYW1lJTIwc3JjJTNEJTIyaHR0cHMlM0ElMkYlMkZ3d3cuZ29vZ2xlLmNvbSUyRm1hcHMlMkZlbWJlZCUzRnBiJTNEJTIxMW0xOCUyMTFtMTIlMjExbTMlMjExZDI3NjQuMTI3NTE4Njk3MjY1NyUyMTJkMTguMzYwNjIzODk5OTk5OTk3JTIxM2Q0Ni4xNDgyMDY4JTIxMm0zJTIxMWYwJTIxMmYwJTIxM2YwJTIxM20yJTIxMWkxMDI0JTIxMmk3NjglMjE0ZjEzLjElMjEzbTMlMjExbTIlMjExczB4NDc0MmI5OWU5YzBkYzYyNSUyNTNBMHhkMzk1YmIwMmEwMmE3NjNmJTIxMnNTY2h1bmslMjUyMFBpbmNlJTIxNWUwJTIxM20yJTIxMXNodSUyMTJzaHUlMjE0djE3NjI0MDcxNTA4MDYlMjE1bTIlMjExc2h1JTIxMnNodSUyMiUyMHdpZHRoJTNEJTIyNjAwJTIyJTIwaGVpZ2h0JTNEJTIyNDUwJTIyJTIwc3R5bGUlM0QlMjJib3JkZXIlM0EwJTNCJTIyJTIwYWxsb3dmdWxsc2NyZWVuJTNEJTIyJTIyJTIwbG9hZGluZyUzRCUyMmxhenklMjIlMjByZWZlcnJlcnBvbGljeSUzRCUyMm5vLXJlZmVycmVyLXdoZW4tZG93bmdyYWRlJTIyJTNFJTNDJTJGaWZyYW1lJTNF&#8221; css=&#8221;.vc_custom_1762407159441{margin-bottom: 0px !important;padding-bottom: 0px !important;}&#8221;][\/vc_column][\/vc_row]<\/p>\n<\/div>","protected":false},"excerpt":{"rendered":"<p>[vc_row full_width=&#8221;stretch_row&#8221; equal_height=&#8221;yes&#8221; content_placement=&#8221;middle&#8221; pgscore_bg_type=&#8221;row-background-dark&#8221; pgscore_enable_responsive_settings=&#8221;true&#8221; first_background_color=&#8221;#000000&#8243; el_id=&#8221;1524654007107-ef565066-1fc4&#8243; css=&#8221;.vc_custom_1545825036714{padding-top: 120px !important;padding-bottom: 80px !important;}&#8221; element_css_md=&#8221;.vc_custom_1545825036717{padding-top: 80px !important;padding-bottom: 40px !important;}&#8221; element_css_sm=&#8221;.vc_custom_1545825036719{padding-top: 60px !important;padding-bottom: 20px !important;}&#8221; element_css_xs=&#8221;.vc_custom_1545825036721{padding-top: 40px !important;padding-bottom: 0px !important;}&#8221;][vc_column css=&#8221;.vc_custom_1525068737865{margin-bottom: 40px !important;padding-top: 0px !important;}&#8221; offset=&#8221;vc_col-lg-6 vc_col-md-5&#8243; el_id=&#8221;1762408893608-c1bc3f31-e2b0&#8243;][vc_row_inner el_id=&#8221;1762408893635-0e97472e-f66f&#8221;][vc_column_inner el_id=&#8221;1762408893637-5ba83e28-67bc&#8221;][\/vc_column_inner][\/vc_row_inner][\/vc_column][vc_column css=&#8221;.vc_custom_1525068742968{margin-bottom: 40px !important;padding-top: 0px !important;}&#8221; offset=&#8221;vc_col-lg-6 vc_col-md-7&#8243; el_id=&#8221;1762408893679-006dc07b-3909&#8243;][vc_custom_heading text=&#8221;\u00cdrj nek\u00fcnk&#8221; font_container=&#8221;tag:h3|text_align:left&#8221; use_theme_fonts=&#8221;yes&#8221; css=&#8221;.vc_custom_1762407058720{margin-bottom: 0px !important;}&#8221;][vc_column_text css=&#8221;&#8221;]Ha k\u00e9rd\u00e9sed [&hellip;]<\/p>\n","protected":false},"author":1,"featured_media":0,"parent":0,"menu_order":0,"comment_status":"closed","ping_status":"closed","template":"templates\/full-width.php","meta":{"footnotes":""},"class_list":["post-75","page","type-page","status-publish","hentry"],"_links":{"self":[{"href":"https:\/\/schunkpince.hu\/index.php\/wp-json\/wp\/v2\/pages\/75","targetHints":{"allow":["GET"]}}],"collection":[{"href":"https:\/\/schunkpince.hu\/index.php\/wp-json\/wp\/v2\/pages"}],"about":[{"href":"https:\/\/schunkpince.hu\/index.php\/wp-json\/wp\/v2\/types\/page"}],"author":[{"embeddable":true,"href":"https:\/\/schunkpince.hu\/index.php\/wp-json\/wp\/v2\/users\/1"}],"replies":[{"embeddable":true,"href":"https:\/\/schunkpince.hu\/index.php\/wp-json\/wp\/v2\/comments?post=75"}],"version-history":[{"count":12,"href":"https:\/\/schunkpince.hu\/index.php\/wp-json\/wp\/v2\/pages\/75\/revisions"}],"predecessor-version":[{"id":278,"href":"https:\/\/schunkpince.hu\/index.php\/wp-json\/wp\/v2\/pages\/75\/revisions\/278"}],"wp:attachment":[{"href":"https:\/\/schunkpince.hu\/index.php\/wp-json\/wp\/v2\/media?parent=75"}],"curies":[{"name":"wp","href":"https:\/\/api.w.org\/{rel}","templated":true}]}}