{"id":308,"date":"2026-02-23T07:33:30","date_gmt":"2026-02-23T07:33:30","guid":{"rendered":"https:\/\/schunkpince.hu\/?post_type=product&#038;p=308"},"modified":"2026-02-23T08:55:12","modified_gmt":"2026-02-23T08:55:12","slug":"deli-feny","status":"publish","type":"product","link":"https:\/\/schunkpince.hu\/index.php\/product\/deli-feny\/","title":{"rendered":"D\u00e9li F\u00e9ny"},"content":{"rendered":"<ul>\n<li>\u00c9vj\u00e1rat: 2025<\/li>\n<li>0,75 l<\/li>\n<li>Moh\u00e1cs 500<\/li>\n<\/ul>\n","protected":false},"excerpt":{"rendered":"<p>\u00c9vj\u00e1rat: 2025 0,75 l Moh\u00e1cs 500<\/p>\n","protected":false},"featured_media":0,"comment_status":"open","ping_status":"closed","template":"","meta":[],"product_brand":[],"product_cat":[27],"product_tag":[],"class_list":{"0":"post-308","1":"product","2":"type-product","3":"status-publish","5":"product_cat-feherbor","7":"first","8":"instock","9":"shipping-taxable","10":"purchasable","11":"product-type-simple"},"_links":{"self":[{"href":"https:\/\/schunkpince.hu\/index.php\/wp-json\/wp\/v2\/product\/308","targetHints":{"allow":["GET"]}}],"collection":[{"href":"https:\/\/schunkpince.hu\/index.php\/wp-json\/wp\/v2\/product"}],"about":[{"href":"https:\/\/schunkpince.hu\/index.php\/wp-json\/wp\/v2\/types\/product"}],"replies":[{"embeddable":true,"href":"https:\/\/schunkpince.hu\/index.php\/wp-json\/wp\/v2\/comments?post=308"}],"wp:attachment":[{"href":"https:\/\/schunkpince.hu\/index.php\/wp-json\/wp\/v2\/media?parent=308"}],"wp:term":[{"taxonomy":"product_brand","embeddable":true,"href":"https:\/\/schunkpince.hu\/index.php\/wp-json\/wp\/v2\/product_brand?post=308"},{"taxonomy":"product_cat","embeddable":true,"href":"https:\/\/schunkpince.hu\/index.php\/wp-json\/wp\/v2\/product_cat?post=308"},{"taxonomy":"product_tag","embeddable":true,"href":"https:\/\/schunkpince.hu\/index.php\/wp-json\/wp\/v2\/product_tag?post=308"}],"curies":[{"name":"wp","href":"https:\/\/api.w.org\/{rel}","templated":true}]}}