{"id":320,"date":"2026-02-23T08:17:29","date_gmt":"2026-02-23T08:17:29","guid":{"rendered":"https:\/\/schunkpince.hu\/?post_type=product&#038;p=320"},"modified":"2026-02-23T08:38:10","modified_gmt":"2026-02-23T08:38:10","slug":"cabernet-sauvignon-amphorus","status":"publish","type":"product","link":"https:\/\/schunkpince.hu\/index.php\/product\/cabernet-sauvignon-amphorus\/","title":{"rendered":"Cabernet Sauvignon Amphorus"},"content":{"rendered":"<ul>\n<li>\u00c9vj\u00e1rat: 2024<\/li>\n<li>Amfor\u00e1ban \u00e9rlelt<\/li>\n<li>0,75 l<\/li>\n<\/ul>\n","protected":false},"excerpt":{"rendered":"<p>\u00c9vj\u00e1rat: 2024 Amfor\u00e1ban \u00e9rlelt 0,75 l<\/p>\n","protected":false},"featured_media":0,"comment_status":"open","ping_status":"closed","template":"","meta":[],"product_brand":[],"product_cat":[15],"product_tag":[],"class_list":{"0":"post-320","1":"product","2":"type-product","3":"status-publish","5":"product_cat-uncategorized","7":"first","8":"instock","9":"shipping-taxable","10":"purchasable","11":"product-type-simple"},"_links":{"self":[{"href":"https:\/\/schunkpince.hu\/index.php\/wp-json\/wp\/v2\/product\/320","targetHints":{"allow":["GET"]}}],"collection":[{"href":"https:\/\/schunkpince.hu\/index.php\/wp-json\/wp\/v2\/product"}],"about":[{"href":"https:\/\/schunkpince.hu\/index.php\/wp-json\/wp\/v2\/types\/product"}],"replies":[{"embeddable":true,"href":"https:\/\/schunkpince.hu\/index.php\/wp-json\/wp\/v2\/comments?post=320"}],"wp:attachment":[{"href":"https:\/\/schunkpince.hu\/index.php\/wp-json\/wp\/v2\/media?parent=320"}],"wp:term":[{"taxonomy":"product_brand","embeddable":true,"href":"https:\/\/schunkpince.hu\/index.php\/wp-json\/wp\/v2\/product_brand?post=320"},{"taxonomy":"product_cat","embeddable":true,"href":"https:\/\/schunkpince.hu\/index.php\/wp-json\/wp\/v2\/product_cat?post=320"},{"taxonomy":"product_tag","embeddable":true,"href":"https:\/\/schunkpince.hu\/index.php\/wp-json\/wp\/v2\/product_tag?post=320"}],"curies":[{"name":"wp","href":"https:\/\/api.w.org\/{rel}","templated":true}]}}